{"id":203,"date":"2025-09-22T20:23:54","date_gmt":"2025-09-22T18:23:54","guid":{"rendered":"https:\/\/staging.keengen.online\/?page_id=203"},"modified":"2026-01-08T07:50:52","modified_gmt":"2026-01-08T06:50:52","slug":"impressum","status":"publish","type":"page","link":"https:\/\/www.keengen.eu\/en\/impressum\/","title":{"rendered":"Imprint"},"content":{"rendered":"<div data-elementor-type=\"wp-page\" data-elementor-id=\"203\" class=\"elementor elementor-203\">\n\t\t\t\t<div class=\"elementor-element elementor-element-e8b01e0 e-flex e-con-boxed wpr-particle-no wpr-jarallax-no wpr-parallax-no wpr-sticky-section-no e-con e-parent\" data-id=\"e8b01e0\" data-element_type=\"container\" data-e-type=\"container\">\n\t\t\t\t\t<div class=\"e-con-inner\">\n\t\t\t\t<div class=\"elementor-element elementor-element-40ed3c8 elementor-widget elementor-widget-text-editor\" data-id=\"40ed3c8\" data-element_type=\"widget\" data-e-type=\"widget\" data-widget_type=\"text-editor.default\">\n\t\t\t\t\t\t\t\t\t<div>\n<h2>Imprint<\/h2>\n<h3>Responsible for Concept &amp; Implementation<\/h3>\n<\/div>\n<p><strong>KeenGen Solutions GmbH<br><\/strong><span style=\"font-size: 1rem;\"><span style=\"color: #333333; font-family: Roboto Regular, sans-serif;\"><span style=\"font-variant-ligatures: none; letter-spacing: 0.176px;\">Vienna Twin Tower<\/span><\/span><br><span style=\"color: #333333; font-family: Roboto Regular, sans-serif;\"><span style=\"font-variant-ligatures: none; letter-spacing: 0.176px;\">Wienerbergstra\u00dfe 11 \/ 12A<br><\/span><\/span><\/span><span style=\"font-size: 1rem;\">1100 Wien<br>Austria, Europe<\/span><\/p>\n<p>Company Register Number: FN 653536 h<br>Commercial Court: Wien\/Vienna<br>UID\/VAT Number: ATU82172408<\/p>\n<h3>Copyright<\/h3>\n<p>&nbsp;<strong>\u00a9<\/strong>&nbsp;KeenGen Solutions GmbH 2026<br>All rights reserved<\/p>\n<h3>Information obligation according to \u00a7 5 para. 1 E-Commerce Act<\/h3>\n<p><a href=\"https:\/\/firmen.wko.at\/keengen-solutions-gmbh\/wien\/?firmaid=ef52c8e8-6372-48d1-aa5a-4bf5865b4133\">https:\/\/firmen.wko.at\/keengen-solutions-gmbh\/wien\/?firmaid=ef52c8e8-6372-48d1-aa5a-4bf5865b4133<\/a><\/p>\n<h3>Disclaimer<\/h3>\n<p><strong>Liability for Content<\/strong><br>The content of our pages has been created with the utmost care. However, we cannot guarantee the accuracy, completeness, and timeliness of the content. As a provider, we are responsible for our own content on these pages according to general laws. However, we are not obliged to monitor transmitted or stored external information or investigate circumstances that indicate illegal activity. Obligations to remove or block the use of information according to general laws remain unaffected. Liability in this respect is only possible from the time of knowledge of a specific infringement. Upon becoming aware of such violations, we will remove the content immediately.<\/p>\n<p><strong>Liability for Links<\/strong><br>Our offer contains links to external third-party websites, over whose content we have no influence. Therefore, we cannot assume any liability for these external contents. The respective provider or operator of the linked pages is always responsible for the content of the linked pages. The linked pages were checked for possible legal violations at the time of linking. Illegal contents were not recognizable at the time of linking. A permanent content control of the linked pages is not reasonable without concrete evidence of a violation. Upon becoming aware of violations, we will remove such links immediately.<\/p>\n<p><strong>Copyright<\/strong><br>The content and works created by the site operators on these pages are subject to European copyright law. Reproduction, editing, distribution, and any kind of exploitation outside the limits of copyright require the written consent of the respective author or creator. Downloads and copies of these pages are only permitted for private, non-commercial use. As far as the content on this site was not created by the operator, third-party copyrights are respected. Third-party content is marked as such. Should you nevertheless become aware of a copyright infringement, please inform us accordingly. Upon becoming aware of violations, we will remove such content immediately.<\/p>\n<p><strong>Data Protection<\/strong><br>The use of our website is usually possible without providing personal data. As far as personal data (e.g., name, address, or email addresses) is collected on our pages, this is done on a voluntary basis whenever possible. This data will not be passed on to third parties without your explicit consent. We point out that data transmission over the internet can have security vulnerabilities. Complete protection of data against access by third parties is not possible. The use of contact data published within the scope of the imprint obligation by third parties for sending unsolicited advertising and information materials is hereby expressly prohibited. The operators of the pages expressly reserve the right to take legal action in the case of unsolicited sending of advertising information, such as spam emails.<\/p>\n<p>The content responsibility for mailings lies with the respective sender. Editorial use of the content is expressly desired; any use beyond that is only permitted for private use. When using images or graphics, a corresponding copyright notice must always be placed directly in connection with the image\/graphic. The specifications from KeenGen Solutions GmbH instructions must be adopted here.<\/p>\n<p>Eine Speicherung in Datenbanken sowie jegliche nicht-redaktionelle Nutzung und damit verbundene Weitergabe an Dritte in welcher Form auch immer sind nur mit schriftlicher Genehmigung durch KeenGen Solutions GmbH gestattet. F\u00fcr den Fall, dass Sie die Inhalte von KeenGen Solutions GmbH weitergeben, speichern oder gewerblich nutzen m\u00f6chten, fragen Sie bitte bei KeenGen Solutions GmbH unter den jeweils angegeben Kontaktm\u00f6glichkeiten schriftlich an.V<\/p>\t\t\t\t\t\t\t\t<\/div>\n\t\t\t\t\t<\/div>\n\t\t\t\t<\/div>\n\t\t\t\t<\/div>","protected":false},"excerpt":{"rendered":"<p>Impressum Verantwortlich f\u00fcr Konzeption &amp; Realisierung KeenGen Solutions GmbHVienna Twin TowerWienerbergstra\u00dfe 11 \/ 12A1100 Wien\u00d6sterreich, Europa Firmenbuchnummer: FN 653536 hHandelsgericht: Wien\/ViennaUID\/VAT Nummer: ATU82172408 Urheberrecht &nbsp;\u00a9&nbsp;KeenGen Solutions GmbH 2026Alle Rechte vorbehalten Informationspflicht lt. \u00a7 5 Abs. 1 E-Commerce-Gesetz https:\/\/firmen.wko.at\/keengen-solutions-gmbh\/wien\/?firmaid=ef52c8e8-6372-48d1-aa5a-4bf5865b4133 Haftungsausschuss Haftung f\u00fcr InhalteDie Inhalte unserer Seiten wurden mit gr\u00f6\u00dfter Sorgfalt erstellt. F\u00fcr die Richtigkeit, Vollst\u00e4ndigkeit und Aktualit\u00e4t der Inhalte k\u00f6nnen wir jedoch keine Gew\u00e4hr \u00fcbernehmen. Als Anbieter sind wir f\u00fcr eigene Inhalte auf diesen Seiten nach den allgemeinen Gesetzen verantwortlich. Wir sind wir als Anbieter jedoch nicht verpflichtet, \u00fcbermittelte oder gespeicherte fremde Informationen zu \u00fcberwachen oder nach Umst\u00e4nden zu forschen, die auf eine rechtswidrige T\u00e4tigkeit hinweisen. Verpflichtungen zur Entfernung oder Sperrung der Nutzung von Informationen nach den allgemeinen Gesetzen bleiben hiervon unber\u00fchrt. Eine diesbez\u00fcgliche Haftung ist jedoch erst ab dem Zeitpunkt der Kenntnis einer konkreten Rechtsverletzung m\u00f6glich. Bei Bekanntwerden von entsprechenden Rechtsverletzungen werden wir diese Inhalte umgehend entfernen. Haftung f\u00fcr LinksUnser Angebot enth\u00e4lt Links zu externen Webseiten Dritter, auf deren Inhalte wir keinen Einfluss haben. Deshalb k\u00f6nnen wir f\u00fcr diese fremden Inhalte auch keine Gew\u00e4hr \u00fcbernehmen. F\u00fcr die Inhalte der verlinkten Seiten ist stets der jeweilige Anbieter oder Betreiber der Seiten verantwortlich. Die verlinkten Seiten wurden zum Zeitpunkt der Verlinkung auf m\u00f6gliche Rechtsverst\u00f6\u00dfe \u00fcberpr\u00fcft. Rechtswidrige Inhalte waren zum Zeitpunkt der Verlinkung nicht erkennbar. Eine permanente inhaltliche Kontrolle der verlinkten Seiten ist jedoch ohne konkrete Anhaltspunkte einer Rechtsverletzung nicht zumutbar. Bei Bekanntwerden von Rechtsverletzungen werden wir derartige Links umgehend entfernen. UrheberrechtDie durch die Seitenbetreiber erstellten Inhalte und Werke auf diesen Seiten unterliegen dem europ\u00e4ischen Urheberrecht. Die Vervielf\u00e4ltigung, Bearbeitung, Verbreitung und jede Art der Verwertung bed\u00fcrfen der schriftlichen Zustimmung des Autors bzw. Erstellers. Downloads und Kopien dieser Seite sind nicht f\u00fcr jede Art kommerziellen Gebrauch gestattet. Soweit die Inhalte auf dieser Seite nicht vom Betreiber erstellt wurden, werden die Urheberrechte Dritter beachtet. Insbesondere sind Inhalte Dritter als solche gekennzeichnet. Sollten Sie trotzdem auf eine Urheberrechtsverletzung aufmerksam werden, bitten wir um einen entsprechenden Hinweis. Bei Bekanntwerden von Rechtsverletzungen werden wir derartige Inhalte umgehend entfernen. DatenschutzDie Nutzung unserer Webseite ist in der Regel ohne Angabe personenbezogener Daten m\u00f6glich. Soweit auf unseren Seiten personenbezogene Daten (beispielsweise Name, Anschrift oder eMail-Adressen) erhoben werden, erfolgt dies, soweit m\u00f6glich, stets auf freiwilliger Basis. Diese Daten werden ohne Ihre ausdr\u00fcckliche Zustimmung nicht an Dritte weitergegeben. Wir weisen darauf hin, dass die Daten\u00fcbertragung im Internet Sicherheitsl\u00fccken aufweisen kann. Ein l\u00fcckenloser Schutz der Daten vor dem Zugriff durch Dritte ist nicht m\u00f6glich. Der Nutzung von im Rahmen der Impressumspflicht ver\u00f6ffentlichten Kontaktdaten durch Dritte zur \u00dcbersendung von nicht ausdr\u00fccklich angeforderter Werbung und Informationsmaterialien wird hiermit ausdr\u00fccklich widersprochen. Die Betreiber der Seiten behalten sich ausdr\u00fccklich rechtliche Schritte im Falle der unverlangten Zusendung von Werbeinformationen, etwa durch Spam-Mails, vor. Die inhaltliche Verantwortung f\u00fcr Aussendungen liegt beim jeweiligen Aussender. Eine redaktionelle Verwertung der Inhalte ist ausdr\u00fccklich erw\u00fcnscht, eine dar\u00fcber hinausgehende Verwendung jedoch nur f\u00fcr den privaten Gebrauch zul\u00e4ssig. Bei der Verwendung von Bildern oder Grafiken ist in jedem Fall in unmittelbarem Zusammenhang mit dem Bild\/der Grafik ein entsprechender Urhebervermerk anzubringen, es sind hierbei die Angaben aus dem seitens KeenGen Solutions GmbH vorgegebenen Hinweisen zu \u00fcbernehmen. Eine Speicherung in Datenbanken sowie jegliche nicht-redaktionelle Nutzung und damit verbundene Weitergabe an Dritte in welcher Form auch immer sind nur mit schriftlicher Genehmigung durch KeenGen Solutions GmbH gestattet. F\u00fcr den Fall, dass Sie die Inhalte von KeenGen Solutions GmbH weitergeben, speichern oder gewerblich nutzen m\u00f6chten, fragen Sie bitte bei KeenGen Solutions GmbH unter den jeweils angegeben Kontaktm\u00f6glichkeiten schriftlich an.V<\/p>","protected":false},"author":1,"featured_media":0,"parent":0,"menu_order":0,"comment_status":"closed","ping_status":"closed","template":"","meta":{"footnotes":""},"class_list":["post-203","page","type-page","status-publish","hentry"],"_links":{"self":[{"href":"https:\/\/www.keengen.eu\/en\/wp-json\/wp\/v2\/pages\/203","targetHints":{"allow":["GET"]}}],"collection":[{"href":"https:\/\/www.keengen.eu\/en\/wp-json\/wp\/v2\/pages"}],"about":[{"href":"https:\/\/www.keengen.eu\/en\/wp-json\/wp\/v2\/types\/page"}],"author":[{"embeddable":true,"href":"https:\/\/www.keengen.eu\/en\/wp-json\/wp\/v2\/users\/1"}],"replies":[{"embeddable":true,"href":"https:\/\/www.keengen.eu\/en\/wp-json\/wp\/v2\/comments?post=203"}],"version-history":[{"count":16,"href":"https:\/\/www.keengen.eu\/en\/wp-json\/wp\/v2\/pages\/203\/revisions"}],"predecessor-version":[{"id":621,"href":"https:\/\/www.keengen.eu\/en\/wp-json\/wp\/v2\/pages\/203\/revisions\/621"}],"wp:attachment":[{"href":"https:\/\/www.keengen.eu\/en\/wp-json\/wp\/v2\/media?parent=203"}],"curies":[{"name":"wp","href":"https:\/\/api.w.org\/{rel}","templated":true}]}}