{"id":196,"date":"2025-09-22T20:19:17","date_gmt":"2025-09-22T18:19:17","guid":{"rendered":"https:\/\/staging.keengen.online\/?page_id=196"},"modified":"2026-03-25T15:26:22","modified_gmt":"2026-03-25T14:26:22","slug":"datenschutz","status":"publish","type":"page","link":"https:\/\/www.keengen.eu\/en\/datenschutz\/","title":{"rendered":"Data Protection"},"content":{"rendered":"\t\t<div data-elementor-type=\"wp-page\" data-elementor-id=\"196\" class=\"elementor elementor-196\">\n\t\t\t\t<div class=\"elementor-element elementor-element-2a667f6 e-flex e-con-boxed wpr-particle-no wpr-jarallax-no wpr-parallax-no wpr-sticky-section-no e-con e-parent\" data-id=\"2a667f6\" data-element_type=\"container\" data-e-type=\"container\">\n\t\t\t\t\t<div class=\"e-con-inner\">\n\t\t\t\t<div class=\"elementor-element elementor-element-4e51618 elementor-widget elementor-widget-text-editor\" data-id=\"4e51618\" data-element_type=\"widget\" data-e-type=\"widget\" data-widget_type=\"text-editor.default\">\n\t\t\t\t\t\t\t\t\t<h3>Erkl\u00e4rung zur Informationspflicht&nbsp;<\/h3>\n<div>&nbsp;<\/div>\n<h2 data-path-to-node=\"5\">Datenschutzhinweise zur Verarbeitung personenbezogener Daten durch KeenHub und KeenCollab<\/h2>\n<p data-path-to-node=\"6\">Hiermit informieren wir Sie entsprechend Art. 13 der Datenschutz-Grundverordnung (DSGVO) dar\u00fcber, welche personenbezogenen Daten bei der Nutzung unserer B2B-Plattform erfasst werden, wie diese verwendet werden und welche Rechte Ihnen zustehen.<\/p>\n<h3 data-path-to-node=\"7\">1. Verantwortlicher<\/h3>\n<p data-path-to-node=\"8\">Verantwortlich im Sinne der DSGVO f\u00fcr die Bereitstellung der Plattform, die technische Sicherheit sowie die Authentifizierung (Login via ID Austria) ist:<\/p>\n<p data-path-to-node=\"9\"><b>KeenGen Solutions GmbH<\/b>&nbsp;<br><span style=\"font-size: 1rem;\">Vertreten durch die Gesch\u00e4ftsf\u00fchrung: Jakob Decker und Daniel Banica<br>Firmenbuchnummer:&nbsp;<\/span>FN 653536 h<br><span style=\"font-size: 1rem;\">E-Mail: office@keengen.eu<\/span><\/p>\n<p data-path-to-node=\"10\"><i data-path-to-node=\"10\" data-index-in-node=\"0\">(Hinweis: F\u00fcr die von den jeweiligen Kundenunternehmen (Ihren Arbeitgebern\/Auftraggebern) in das System eingegebenen Inhaltsdaten agieren wir rechtlich als Auftragsverarbeiter gem\u00e4\u00df Art. 28 DSGVO).<\/i><\/p>\n<h3 data-path-to-node=\"11\"><span style=\"color: inherit; font-family: inherit; font-size: 1.75rem;\">2. Datenverarbeitung durch die Plattform und ID Austria<\/span><\/h3>\n<p data-path-to-node=\"14\">Wir verarbeiten Ihre Daten, um Ihnen im Auftrag Ihres Unternehmens den Zugang zur Plattform bereitzustellen und eine sichere Nutzung zu gew\u00e4hrleisten. Die Rechtsgrundlage hierf\u00fcr ist unser berechtigtes Interesse an der Bereitstellung eines sicheren B2B-Dienstes (Art. 6 Abs. 1 lit. f DSGVO) sowie die Erf\u00fcllung vertraglicher Pflichten (Art. 6 Abs. 1 lit. b DSGVO). Bei der Authentifizierung via ID Austria st\u00fctzen wir uns auf Ihre ausdr\u00fcckliche Einwilligung (Art. 6 Abs. 1 lit. a DSGVO).<\/p>\n<p data-path-to-node=\"15\">Wir verarbeiten folgende Kategorien personenbezogener Daten:<\/p>\n<p data-path-to-node=\"16\"><b data-path-to-node=\"16\" data-index-in-node=\"0\">A. Daten bei der Anmeldung via ID Austria:<\/b><\/p>\n<ul data-path-to-node=\"17\">\n<li>\n<p data-path-to-node=\"17,0,0\"><b data-path-to-node=\"17,0,0\" data-index-in-node=\"0\">Identit\u00e4tsdaten:<\/b> Vorname und Nachname<\/p>\n<\/li>\n<li>\n<p data-path-to-node=\"17,1,0\"><b data-path-to-node=\"17,1,0\" data-index-in-node=\"0\">Geburtsdatum:<\/b> Zur eindeutigen Identifikation<\/p>\n<\/li>\n<li>\n<p data-path-to-node=\"17,2,0\"><b data-path-to-node=\"17,2,0\" data-index-in-node=\"0\">Eindeutige Kennziffer (bPK):<\/b> Das bereichsspezifische Personenkennzeichen (bPK-[K\u00fcrzel]). Dies ist eine verschl\u00fcsselte Ableitung, die uns eine eindeutige Zuordnung Ihres Logins erm\u00f6glicht, ohne Ihre beh\u00f6rdliche Stammzahl zu speichern.<\/p>\n<\/li>\n<\/ul>\n<p data-path-to-node=\"18\"><b data-path-to-node=\"18\" data-index-in-node=\"0\">B. Plattform- und Nutzungsdaten:<\/b><\/p>\n<ul data-path-to-node=\"19\">\n<li>\n<p data-path-to-node=\"19,0,0\"><b data-path-to-node=\"19,0,0\" data-index-in-node=\"0\">Stammdaten:<\/b> User-ID, Anzeigename, zugeh\u00f6riges Kundenunternehmen.<\/p>\n<\/li>\n<li>\n<p data-path-to-node=\"19,1,0\"><b data-path-to-node=\"19,1,0\" data-index-in-node=\"0\">Kontaktdaten:<\/b> E-Mail-Adresse (z. B. f\u00fcr Systembenachrichtigungen, Termineinladungen und Passwort-Resets) sowie optional die Telefonnummer.<\/p>\n<\/li>\n<li>\n<p data-path-to-node=\"19,2,0\"><b data-path-to-node=\"19,2,0\" data-index-in-node=\"0\">Ger\u00e4te- und Protokolldaten:<\/b> IP-Adressen mit Zeitstempel, Ger\u00e4tename, Art des Endger\u00e4tes (Mobil\/Desktop) und Betriebssystem (Speicherung in f\u00fcr den Betrieb und die Sicherheit technisch n\u00f6tigen Logdateien).<\/p>\n<\/li>\n<li>\n<p data-path-to-node=\"19,3,0\"><b data-path-to-node=\"19,3,0\" data-index-in-node=\"0\">Kommunikationsdaten (falls zutreffend):<\/b> Kalenderdaten (Titel der Besprechung, Teilnehmerliste, Host-Rolle). IP-Adressen bei Audio-\/Video-Telefonie (wir speichern jedoch keine Audio-\/Video-Inhalte).<\/p>\n<\/li>\n<li>\n<p data-path-to-node=\"19,4,0\"><b data-path-to-node=\"19,4,0\" data-index-in-node=\"0\">Benutzerinhalte:<\/b> Alle Daten, die Nutzer im Rahmen der Kundenumgebung in das System eingeben.<\/p>\n<\/li>\n<\/ul>\n<h3 data-path-to-node=\"20\">3. Kategorien von Empf\u00e4ngern der personenbezogenen Daten<\/h3>\n<p data-path-to-node=\"21\">Ihre Daten werden vertraulich behandelt. Innerhalb unserer GmbH erhalten nur Personen Zugriff, die diesen zur technischen Bereitstellung und Fehlerbehebung ben\u00f6tigen. Zudem setzen wir externe Dienstleister (z. B. Hosting-Provider aus der EU) ein, die als weisungsgebundene Auftragsverarbeiter (Art. 28 DSGVO) fungieren und mit denen strenge Vertraulichkeitsvereinbarungen bestehen. Eine \u00dcbermittlung der durch ID Austria verifizierten Identit\u00e4tsdaten an unberechtigte Dritte findet nicht statt.<\/p>\n<h3 data-path-to-node=\"22\">4. Dauer der Datenspeicherung<\/h3>\n<p data-path-to-node=\"23\">Wir speichern Ihre Profil- und Logindaten f\u00fcr die Dauer der Vertragslaufzeit des jeweiligen Kundenunternehmens oder bis Ihr Account durch den Administrator Ihres Unternehmens gel\u00f6scht wird. Reine System-Logfiles (wie IP-Adressen zur Sicherheits\u00fcberwachung) werden automatisiert gel\u00f6scht. Gesetzliche Aufbewahrungspflichten bleiben hiervon unber\u00fchrt.<\/p>\n<h3 data-path-to-node=\"24\">5. Ort der Datenverarbeitung<\/h3>\n<p data-path-to-node=\"25\">Ihre Daten werden ausschlie\u00dflich auf Servern innerhalb der Europ\u00e4ischen Union (Deutschland und \u00d6stereich) verarbeitet.<\/p>\n<h3 data-path-to-node=\"26\">6. Ihre Rechte<\/h3>\n<p data-path-to-node=\"27\">Ihnen steht das Recht auf Auskunft (Art. 15 DSGVO), Berichtigung (Art. 16 DSGVO), L\u00f6schung (Art. 17 DSGVO), Einschr\u00e4nkung der Verarbeitung (Art. 18 DSGVO) sowie auf Daten\u00fcbertragbarkeit (Art. 20 DSGVO) zu.<\/p>\n<p data-path-to-node=\"28\">Sie haben zudem das Recht, eine erteilte Einwilligung (z.B. zur ID Austria Nutzung) jederzeit zu widerrufen, ohne dass die Rechtm\u00e4\u00dfigkeit der bis zum Widerruf erfolgten Verarbeitung ber\u00fchrt wird.<\/p>\n<p data-path-to-node=\"29\"><b data-path-to-node=\"29\" data-index-in-node=\"0\">Widerspruchsrecht:<\/b> Sie haben das Recht, der Datenverarbeitung, die auf Grundlage von berechtigten Interessen (Art. 6 Abs. 1 lit. f DSGVO) erfolgt, jederzeit zu widersprechen. Senden Sie hierf\u00fcr ein E-Mail an die unter Punkt 1 genannten Kontaktdaten.<\/p>\n<p data-path-to-node=\"30\">Wenn Sie der Ansicht sind, dass die Verarbeitung Ihrer Daten gegen das Datenschutzrecht verst\u00f6\u00dft, k\u00f6nnen Sie sich bei der zust\u00e4ndigen Aufsichtsbeh\u00f6rde beschweren: <b data-path-to-node=\"30\" data-index-in-node=\"163\">\u00d6sterreichische Datenschutzbeh\u00f6rde<\/b> Barichgasse 40-42, 1030 Wien E-Mail: dsb@dsb.gv.at<\/p>\n<h3 data-path-to-node=\"31\">7. Pflicht zur Bereitstellung der personenbezogenen Daten<\/h3>\n<p data-path-to-node=\"32\">Die Bereitstellung der Daten ist f\u00fcr die Nutzung der Plattform und die eindeutige Zuordnung zu Ihrem Unternehmens-Account technisch und sicherheitsrelevant zwingend erforderlich. Ohne diese Daten k\u00f6nnen wir Ihnen keinen Zugang zur Plattform gew\u00e4hren.<\/p>\n<h2><span style=\"color: inherit; font-family: inherit; font-size: 2rem;\">&nbsp;<\/span><\/h2>\n<h2><span style=\"color: inherit; font-family: inherit; font-size: 2rem;\">Datenschutzregelungen f\u00fcr diese Website (Keine Verbindung zu KeenHub und KeenCollab)<\/span><\/h2>\n<p><strong>Datenschutzerkl\u00e4rung<\/strong><\/p>\n<p>In folgender Datenschutzerkl\u00e4rung informieren wir Sie \u00fcber die wichtigsten Aspekte der Datenverarbeitung im Rahmen unserer Webseite. Wir erheben und verarbeiten personenbezogene Daten nur auf Grundlage der gesetzlichen Bestimmungen (Datenschutzgrundverordnung, Telekommunikationsgesetz 2003).&nbsp;<\/p>\n<p>Sobald Sie als Benutzer auf unsere Webseite zugreifen oder diese besuchen wird Ihre IP-Adresse, Beginn sowie Beginn und Ende der Sitzung erfasst. Dies ist technisch bedingt und stellt somit ein berechtigtes Interesse iSv Art 6 Abs 1 lit f DSGVO.&nbsp;<\/p>\n<h5>Kontakt mit uns<\/h5>\n<p>Wenn Sie uns, entweder \u00fcber unser Kontaktformular auf unserer Webseite, oder per Email kontaktieren, dann werden die von Ihnen an uns \u00fcbermittelten Daten zwecks Bearbeitung Ihrer Anfrage oder f\u00fcr den Fall von weiteren Anschlussfragen f\u00fcr sechs Monate bei uns gespeichert. Es erfolgt, ohne Ihre Einwilligung, keine Weitergabe Ihrer \u00fcbermittelten Daten.<\/p>\n<h5>Cookies<\/h5>\n<p>Unsere Website verwendet so genannte Cookies. Dabei handelt es sich um kleine Textdateien, die mit Hilfe des Browsers auf Ihrem Endger\u00e4t abgelegt werden. Sie richten keinen Schaden an. Wir nutzen Cookies dazu, unser Angebot nutzerfreundlich zu gestalten. Einige Cookies bleiben auf Ihrem Endger\u00e4t gespeichert, bis Sie diese l\u00f6schen. Sie erm\u00f6glichen es uns, Ihren Browser beim n\u00e4chsten Besuch wiederzuerkennen. Wenn Sie dies nicht w\u00fcnschen, so k\u00f6nnen Sie Ihren Browser so einrichten, dass er Sie \u00fcber das Setzen von Cookies informiert und Sie dies nur im Einzelfall erlauben. Bei der Deaktivierung von Cookies kann die Funktionalit\u00e4t unserer Website eingeschr\u00e4nkt sein.<\/p>\n<h5>Google Maps<\/h5>\n<p>Unsere Website verwendet Funktionen des Webkartendienstes \u201eGoogle Maps\u201c. Der Dienstanbieter dieser Funktion ist:&nbsp;<\/p>\n<ul>\n<li>Google Ireland Limited Gordon House, Barrow Street Dublin 4. Ireland. Tel: +353 1 543 1000&nbsp;<\/li>\n<\/ul>\n<p>Im Zuge der Nutzung von Google Maps ist es notwendig Ihre IP-Adresse zu speichern und zu verarbeiten. Google \u00fcbertr\u00e4gt in der Regel an einen Server in den USA und speichert die Daten dort. Die Verarbeitung geschieht durch den Diensteanbieter (oben genannt), der Betreiber dieser Homepage hat keinen Einfluss auf die \u00dcbertragung der Daten.&nbsp;<\/p>\n<p>Die Datenverarbeitung erfolgt auf Basis der gesetzlichen Bestimmungen des \u00a7 96 Abs 3 TKG sowie des Art 6 Abs 1 lit f (berechtigtes Interesse) der DSGVO. Die Nutzung von Google Maps erh\u00f6ht die Auffindbarkeit der Orte, welche auf unserer Webseite bereitgestellt werden.&nbsp;<\/p>\n<p>Weitere Informationen \u00fcber den Umgang mit Nutzerdaten des Diensteanbieters \u201eGoogle\u201c k\u00f6nnen Sie der Datenschutzerkl\u00e4rung entnehmen:&nbsp;<\/p>\n<p><a href=\"https:\/\/policies.google.com\/privacy?hl=de\">https:\/\/policies.google.com\/privacy?hl=de&nbsp;&nbsp;<\/a>.&nbsp;<\/p>\n<p>Google verarbeitet die Daten auch in den USA, hat sich jedoch dem&nbsp;<br>EU-US Privacy-Shield unterworfen.&nbsp;<\/p>\n<p><a href=\"https:\/\/www.privacyshield.gov\/EU-US-Framework\">https:\/\/www.privacyshield.gov\/EU-US-Framework<\/a><\/p>\n<h5>Google Fonts<\/h5>\n<p>Unsere Website verwendet Schriftarten von \u201eGoogle Fonts\u201c. Der Dienstanbieter dieser Funktion ist:&nbsp;<\/p>\n<ul>\n<li>Google Ireland Limited Gordon House, Barrow Street Dublin 4. Ireland&nbsp;<\/li>\n<\/ul>\n<p>Tel: +353 1 543 1000&nbsp;<\/p>\n<p>Beim Aufrufen dieser Webseite l\u00e4dt Ihr Browser Schriftarten und speichert diese in den Cache. Da Sie, als Besucher der Webseite, Daten des Dienstanbieters empfangen kann Google unter Umst\u00e4nden Cookies auf Ihrem Rechner setzen oder analysieren.&nbsp;<\/p>\n<p>Die Nutzung von \u201eGoogle-Fonts\u201c dient der Optimierung unserer Dienstleistung und der einheitlichen Darstellung von Inhalten. Dies stellt ein berechtigtes Interesse im Sinne von Art. 6 Abs. 1 lit. f DSGVO dar.&nbsp;<\/p>\n<p>Weitere Informationen zu Google Fonts erhalten Sie unter folgendem Link:&nbsp;<\/p>\n<ul>\n<li><a href=\"https:\/\/developers.google.com\/fonts\/faq\">https:\/\/developers.google.com\/fonts\/faq&nbsp;<\/a><\/li>\n<\/ul>\n<p>Weitere Informationen \u00fcber den Umgang mit Nutzerdaten von Google k\u00f6nnen Sie der Datenschutzerkl\u00e4rung entnehmen:&nbsp;<\/p>\n<ul>\n<li><a href=\"https:\/\/policies.google.com\/privacy?hl=de\">https:\/\/policies.google.com\/privacy?hl=de&nbsp;&nbsp;<\/a>.&nbsp;<\/li>\n<\/ul>\n<p>Google verarbeitet die Daten auch in den USA, hat sich jedoch dem&nbsp;<br>EU-US Privacy-Shield unterworfen.&nbsp;<\/p>\n<p><a href=\"https:\/\/www.privacyshield.gov\/EU-US-Framework\">https:\/\/www.privacyshield.gov\/EU-US-Framework<\/a><\/p>\n<h5>Server-Log Files&nbsp;<\/h5>\n<p>Diese Webseite und der damit verbundene Provider erhebt im Zuge der Webseitennutzung automatisch Informationen im Rahmen sogenannter \u201eServer-Log Files\u201c. Dies betrifft insbesondere:&nbsp;<\/p>\n<ul>\n<li>IP-Adresse oder Hostname&nbsp;<\/li>\n<li>den verwendeten Browser&nbsp;<\/li>\n<li>Aufenthaltsdauer auf der Webseite sowie Datum und Uhrzeit&nbsp;<\/li>\n<li>aufgerufene Seiten der Webseite&nbsp;<\/li>\n<li>Spracheinstellungen und Betriebssystem&nbsp;<\/li>\n<li>\u201eLeaving-Page\u201c (auf welcher URL hat der Benutzer die Webseite verlassen)&nbsp;<\/li>\n<li>ISP (Internet Service Provider)&nbsp;<\/li>\n<\/ul>\n<p>Diese erhobenen Informationen werden nicht personenbezogen verarbeitet oder mit personenbezogenen Daten in Verbindung gebracht.&nbsp;<\/p>\n<p>Der Webseitenbetreiber beh\u00e4lt es sich vor, im Falle von Bekanntwerden rechtswidriger T\u00e4tigkeiten, diese Daten auszuwerten oder zu \u00fcberpr\u00fcfen.&nbsp;<\/p>\n<h5>Newsletter<\/h5>\n<p>Sie haben die M\u00f6glichkeit, \u00fcber unsere Website unseren Newsletter zu abonnieren. Hierf\u00fcr ben\u00f6tigen wir Ihre E-Mail-Adresse und ihre Erkl\u00e4rung, dass Sie mit dem Bezug des Newsletters einverstanden sind.<\/p>\n<p>Wenn Sie die M\u00f6glichkeit nutzen unseren Newsletter zu abonnieren, wird Ihre Email-Adresse und Ihre Zustimmung\/Einverst\u00e4ndniserkl\u00e4rung \u00fcber den Bezug des Newsletters ben\u00f6tigt. In Folge auf die Anmeldung zu unserem Newsletter, erhalten Sie von uns ein Best\u00e4tigungs-Email mit einem Link zur Anmeldebest\u00e4tigung. Eine Stornierung des Abos ist jederzeit m\u00f6glich. Senden Sie die Stornierung bitte an unsere Email-Adresse: office@keengen.eu.<\/p>\n<p>Ihre Daten im Zusammenhang mit dem Newsletter-Versand werden im Falle einer Stornierung umgehend von uns gel\u00f6scht. Die Rechtm\u00e4\u00dfigkeit der erfolgten Datenverarbeitung bis zum Widerruf, welche aufgrund der Zustimmung passiert ist, wird nicht ber\u00fchrt.<\/p>\n<h5>Ihre Rechte als Betroffener<\/h5>\n<p>Sie als Betroffener haben bez\u00fcglich Ihrer Daten, welche bei uns gespeichert sind grunds\u00e4tzlich ein Recht auf:<\/p>\n<ul>\n<li>Auskunft<\/li>\n<li>L\u00f6schung der Daten<\/li>\n<li>Berichtigung der Daten<\/li>\n<li>\u00dcbertragbarkeit der Daten<\/li>\n<li>Wiederruf und Widerspruch zur Datenverarbeitung<\/li>\n<li>Einschr\u00e4nkung<\/li>\n<\/ul>\n<p>Wenn sie vermuten, dass im Zuge der Verarbeitung Ihrer Daten Verst\u00f6\u00dfe gegen das Datenschutzrecht passiert sind, so haben Sie die M\u00f6glichkeit sich bei uns (office@keengen.eu) oder der Datenschutzbeh\u00f6rde zu beschweren.<\/p>\n<h5>Sie erreichen uns unter folgenden Kontaktdaten:<\/h5>\n<p><strong>Webseitenbetreiber:<\/strong>&nbsp;KeenGen Solutions GmbH<br><strong>Email:<\/strong>&nbsp;office@keengen.eu<\/p>\n<p>Quelle:&nbsp;<strong><a href=\"https:\/\/www.fairesrecht.at\/kostenlos-datenschutzerklaerung-erstellen-generator.php\">Datenschutzgenerator \u00d6sterreich DSGVO<\/a><\/strong><\/p>\t\t\t\t\t\t\t\t<\/div>\n\t\t\t\t\t<\/div>\n\t\t\t\t<\/div>\n\t\t\t\t<\/div>\n\t\t","protected":false},"excerpt":{"rendered":"<p>Erkl\u00e4rung zur Informationspflicht&nbsp; &nbsp; Datenschutzhinweise zur Verarbeitung personenbezogener Daten durch KeenHub und KeenCollab Hiermit informieren wir Sie entsprechend Art. 13 der Datenschutz-Grundverordnung (DSGVO) dar\u00fcber, welche personenbezogenen Daten bei der Nutzung unserer B2B-Plattform erfasst werden, wie diese verwendet werden und welche Rechte Ihnen zustehen. 1. Verantwortlicher Verantwortlich im Sinne der DSGVO f\u00fcr die Bereitstellung der Plattform, die technische Sicherheit sowie die Authentifizierung (Login via ID Austria) ist: KeenGen Solutions GmbH&nbsp;Vertreten durch die Gesch\u00e4ftsf\u00fchrung: Jakob Decker und Daniel BanicaFirmenbuchnummer:&nbsp;FN 653536 hE-Mail: office@keengen.eu (Hinweis: F\u00fcr die von den jeweiligen Kundenunternehmen (Ihren Arbeitgebern\/Auftraggebern) in das System eingegebenen Inhaltsdaten agieren wir rechtlich als Auftragsverarbeiter gem\u00e4\u00df Art. 28 DSGVO). 2. Datenverarbeitung durch die Plattform und ID Austria Wir verarbeiten Ihre Daten, um Ihnen im Auftrag Ihres Unternehmens den Zugang zur Plattform bereitzustellen und eine sichere Nutzung zu gew\u00e4hrleisten. Die Rechtsgrundlage hierf\u00fcr ist unser berechtigtes Interesse an der Bereitstellung eines sicheren B2B-Dienstes (Art. 6 Abs. 1 lit. f DSGVO) sowie die Erf\u00fcllung vertraglicher Pflichten (Art. 6 Abs. 1 lit. b DSGVO). Bei der Authentifizierung via ID Austria st\u00fctzen wir uns auf Ihre ausdr\u00fcckliche Einwilligung (Art. 6 Abs. 1 lit. a DSGVO). Wir verarbeiten folgende Kategorien personenbezogener Daten: A. Daten bei der Anmeldung via ID Austria: Identit\u00e4tsdaten: Vorname und Nachname Geburtsdatum: Zur eindeutigen Identifikation Eindeutige Kennziffer (bPK): Das bereichsspezifische Personenkennzeichen (bPK-[K\u00fcrzel]). Dies ist eine verschl\u00fcsselte Ableitung, die uns eine eindeutige Zuordnung Ihres Logins erm\u00f6glicht, ohne Ihre beh\u00f6rdliche Stammzahl zu speichern. B. Plattform- und Nutzungsdaten: Stammdaten: User-ID, Anzeigename, zugeh\u00f6riges Kundenunternehmen. Kontaktdaten: E-Mail-Adresse (z. B. f\u00fcr Systembenachrichtigungen, Termineinladungen und Passwort-Resets) sowie optional die Telefonnummer. Ger\u00e4te- und Protokolldaten: IP-Adressen mit Zeitstempel, Ger\u00e4tename, Art des Endger\u00e4tes (Mobil\/Desktop) und Betriebssystem (Speicherung in f\u00fcr den Betrieb und die Sicherheit technisch n\u00f6tigen Logdateien). Kommunikationsdaten (falls zutreffend): Kalenderdaten (Titel der Besprechung, Teilnehmerliste, Host-Rolle). IP-Adressen bei Audio-\/Video-Telefonie (wir speichern jedoch keine Audio-\/Video-Inhalte). Benutzerinhalte: Alle Daten, die Nutzer im Rahmen der Kundenumgebung in das System eingeben. 3. Kategorien von Empf\u00e4ngern der personenbezogenen Daten Ihre Daten werden vertraulich behandelt. Innerhalb unserer GmbH erhalten nur Personen Zugriff, die diesen zur technischen Bereitstellung und Fehlerbehebung ben\u00f6tigen. Zudem setzen wir externe Dienstleister (z. B. Hosting-Provider aus der EU) ein, die als weisungsgebundene Auftragsverarbeiter (Art. 28 DSGVO) fungieren und mit denen strenge Vertraulichkeitsvereinbarungen bestehen. Eine \u00dcbermittlung der durch ID Austria verifizierten Identit\u00e4tsdaten an unberechtigte Dritte findet nicht statt. 4. Dauer der Datenspeicherung Wir speichern Ihre Profil- und Logindaten f\u00fcr die Dauer der Vertragslaufzeit des jeweiligen Kundenunternehmens oder bis Ihr Account durch den Administrator Ihres Unternehmens gel\u00f6scht wird. Reine System-Logfiles (wie IP-Adressen zur Sicherheits\u00fcberwachung) werden automatisiert gel\u00f6scht. Gesetzliche Aufbewahrungspflichten bleiben hiervon unber\u00fchrt. 5. Ort der Datenverarbeitung Ihre Daten werden ausschlie\u00dflich auf Servern innerhalb der Europ\u00e4ischen Union (Deutschland und \u00d6stereich) verarbeitet. 6. Ihre Rechte Ihnen steht das Recht auf Auskunft (Art. 15 DSGVO), Berichtigung (Art. 16 DSGVO), L\u00f6schung (Art. 17 DSGVO), Einschr\u00e4nkung der Verarbeitung (Art. 18 DSGVO) sowie auf Daten\u00fcbertragbarkeit (Art. 20 DSGVO) zu. Sie haben zudem das Recht, eine erteilte Einwilligung (z.B. zur ID Austria Nutzung) jederzeit zu widerrufen, ohne dass die Rechtm\u00e4\u00dfigkeit der bis zum Widerruf erfolgten Verarbeitung ber\u00fchrt wird. Widerspruchsrecht: Sie haben das Recht, der Datenverarbeitung, die auf Grundlage von berechtigten Interessen (Art. 6 Abs. 1 lit. f DSGVO) erfolgt, jederzeit zu widersprechen. Senden Sie hierf\u00fcr ein E-Mail an die unter Punkt 1 genannten Kontaktdaten. Wenn Sie der Ansicht sind, dass die Verarbeitung Ihrer Daten gegen das Datenschutzrecht verst\u00f6\u00dft, k\u00f6nnen Sie sich bei der zust\u00e4ndigen Aufsichtsbeh\u00f6rde beschweren: \u00d6sterreichische Datenschutzbeh\u00f6rde Barichgasse 40-42, 1030 Wien E-Mail: dsb@dsb.gv.at 7. Pflicht zur Bereitstellung der personenbezogenen Daten Die Bereitstellung der Daten ist f\u00fcr die Nutzung der Plattform und die eindeutige Zuordnung zu Ihrem Unternehmens-Account technisch und sicherheitsrelevant zwingend erforderlich. Ohne diese Daten k\u00f6nnen wir Ihnen keinen Zugang zur Plattform gew\u00e4hren. &nbsp; Datenschutzregelungen f\u00fcr diese Website (Keine Verbindung zu KeenHub und KeenCollab) Datenschutzerkl\u00e4rung In folgender Datenschutzerkl\u00e4rung informieren wir Sie \u00fcber die wichtigsten Aspekte der Datenverarbeitung im Rahmen unserer Webseite. Wir erheben und verarbeiten personenbezogene Daten nur auf Grundlage der gesetzlichen Bestimmungen (Datenschutzgrundverordnung, Telekommunikationsgesetz 2003).&nbsp; Sobald Sie als Benutzer auf unsere Webseite zugreifen oder diese besuchen wird Ihre IP-Adresse, Beginn sowie Beginn und Ende der Sitzung erfasst. Dies ist technisch bedingt und stellt somit ein berechtigtes Interesse iSv Art 6 Abs 1 lit f DSGVO.&nbsp; Kontakt mit uns Wenn Sie uns, entweder \u00fcber unser Kontaktformular auf unserer Webseite, oder per Email kontaktieren, dann werden die von Ihnen an uns \u00fcbermittelten Daten zwecks Bearbeitung Ihrer Anfrage oder f\u00fcr den Fall von weiteren Anschlussfragen f\u00fcr sechs Monate bei uns gespeichert. Es erfolgt, ohne Ihre Einwilligung, keine Weitergabe Ihrer \u00fcbermittelten Daten. Cookies Unsere Website verwendet so genannte Cookies. Dabei handelt es sich um kleine Textdateien, die mit Hilfe des Browsers auf Ihrem Endger\u00e4t abgelegt werden. Sie richten keinen Schaden an. Wir nutzen Cookies dazu, unser Angebot nutzerfreundlich zu gestalten. Einige Cookies bleiben auf Ihrem Endger\u00e4t gespeichert, bis Sie diese l\u00f6schen. Sie erm\u00f6glichen es uns, Ihren Browser beim n\u00e4chsten Besuch wiederzuerkennen. Wenn Sie dies nicht w\u00fcnschen, so k\u00f6nnen Sie Ihren Browser so einrichten, dass er Sie \u00fcber das Setzen von Cookies informiert und Sie dies nur im Einzelfall erlauben. Bei der Deaktivierung von Cookies kann die Funktionalit\u00e4t unserer Website eingeschr\u00e4nkt sein. Google Maps Unsere Website verwendet Funktionen des Webkartendienstes \u201eGoogle Maps\u201c. Der Dienstanbieter dieser Funktion ist:&nbsp; Google Ireland Limited Gordon House, Barrow Street Dublin 4. Ireland. Tel: +353 1 543 1000&nbsp; Im Zuge der Nutzung von Google Maps ist es notwendig Ihre IP-Adresse zu speichern und zu verarbeiten. Google \u00fcbertr\u00e4gt in der Regel an einen Server in den USA und speichert die Daten dort. Die Verarbeitung geschieht durch den Diensteanbieter (oben genannt), der Betreiber dieser Homepage hat keinen Einfluss auf die \u00dcbertragung der Daten.&nbsp; Die Datenverarbeitung erfolgt auf Basis der gesetzlichen Bestimmungen des \u00a7 96 Abs 3 TKG sowie des Art 6 Abs 1 lit f (berechtigtes Interesse) der DSGVO. Die Nutzung von Google Maps erh\u00f6ht die Auffindbarkeit der Orte, welche auf unserer Webseite bereitgestellt werden.&nbsp; Weitere Informationen \u00fcber den Umgang mit Nutzerdaten des Diensteanbieters \u201eGoogle\u201c k\u00f6nnen Sie der Datenschutzerkl\u00e4rung entnehmen:&nbsp; https:\/\/policies.google.com\/privacy?hl=de&nbsp;&nbsp;.&nbsp; Google verarbeitet die Daten auch in den USA, hat sich jedoch dem&nbsp;EU-US Privacy-Shield unterworfen.&nbsp; https:\/\/www.privacyshield.gov\/EU-US-Framework Google Fonts Unsere Website verwendet<\/p>\n","protected":false},"author":1,"featured_media":0,"parent":0,"menu_order":0,"comment_status":"closed","ping_status":"closed","template":"","meta":{"footnotes":""},"class_list":["post-196","page","type-page","status-publish","hentry"],"_links":{"self":[{"href":"https:\/\/www.keengen.eu\/en\/wp-json\/wp\/v2\/pages\/196","targetHints":{"allow":["GET"]}}],"collection":[{"href":"https:\/\/www.keengen.eu\/en\/wp-json\/wp\/v2\/pages"}],"about":[{"href":"https:\/\/www.keengen.eu\/en\/wp-json\/wp\/v2\/types\/page"}],"author":[{"embeddable":true,"href":"https:\/\/www.keengen.eu\/en\/wp-json\/wp\/v2\/users\/1"}],"replies":[{"embeddable":true,"href":"https:\/\/www.keengen.eu\/en\/wp-json\/wp\/v2\/comments?post=196"}],"version-history":[{"count":10,"href":"https:\/\/www.keengen.eu\/en\/wp-json\/wp\/v2\/pages\/196\/revisions"}],"predecessor-version":[{"id":631,"href":"https:\/\/www.keengen.eu\/en\/wp-json\/wp\/v2\/pages\/196\/revisions\/631"}],"wp:attachment":[{"href":"https:\/\/www.keengen.eu\/en\/wp-json\/wp\/v2\/media?parent=196"}],"curies":[{"name":"wp","href":"https:\/\/api.w.org\/{rel}","templated":true}]}}